{"id":100,"date":"2020-11-27T19:28:18","date_gmt":"2020-11-27T18:28:18","guid":{"rendered":"http:\/\/www.aphr.ifil.uz.zgora.pl\/?page_id=100"},"modified":"2025-10-06T12:34:02","modified_gmt":"2025-10-06T10:34:02","slug":"current-projects","status":"publish","type":"page","link":"http:\/\/www.aphr.ifil.uz.zgora.pl\/?page_id=100","title":{"rendered":"Current projects:"},"content":{"rendered":"\n<div class=\"wp-block-media-text has-media-on-the-right is-stacked-on-mobile\" style=\"grid-template-columns:auto 28%\"><div class=\"wp-block-media-text__content\">\n<p class=\"has-text-align-right has-medium-font-size\">1) 2025-2029: project funded by the Research Council of Lithuania and run at the Faculty of Philosophy, Vilnius University. Original title of the project is <em>Antikin\u0117s filosofijos recepcija XX a. Vilniaus universitete<\/em> what translates into <em>Reception of Ancient Philosophy in the 20th century Vilnius University<\/em>. Head of the project and senior researcher is doc. dr <a href=\"https:\/\/www.fsf.vu.lt\/filosofijos-institutas\/filosofijos-instituto-struktura\/mokslo-ir-teorines-filosofijos-katedra\/126-filosofijos-institutas\/429-jonas-ciurlionis\">Jonas \u010ciurlionis<\/a>, Ph.D. (FF VU) and Tomasz Mr\u00f3z is his Polish collaborator as senior researcher. From now on the entries tagged with &#8220;<a href=\"http:\/\/www.aphr.ifil.uz.zgora.pl\/?tag=vilnius\">Vilnius<\/a>&#8221; will report on works resulting from this project.<\/p>\n<\/div><figure class=\"wp-block-media-text__media\"><img loading=\"lazy\" decoding=\"async\" width=\"150\" height=\"150\" src=\"http:\/\/www.aphr.ifil.uz.zgora.pl\/wp-content\/uploads\/2025\/10\/vu-logo-150x150-1.jpg\" alt=\"\" class=\"wp-image-912 size-full\"\/><\/figure><\/div>\n\n\n\n<div class=\"wp-block-media-text is-stacked-on-mobile\" style=\"grid-template-columns:33% auto\"><figure class=\"wp-block-media-text__media\"><img loading=\"lazy\" decoding=\"async\" width=\"1024\" height=\"704\" src=\"http:\/\/www.aphr.ifil.uz.zgora.pl\/wp-content\/uploads\/2023\/12\/logo-UZ-pion-RGB-1024x704.jpg\" alt=\"\" class=\"wp-image-577 size-full\" srcset=\"http:\/\/www.aphr.ifil.uz.zgora.pl\/wp-content\/uploads\/2023\/12\/logo-UZ-pion-RGB-1024x704.jpg 1024w, http:\/\/www.aphr.ifil.uz.zgora.pl\/wp-content\/uploads\/2023\/12\/logo-UZ-pion-RGB-300x206.jpg 300w, http:\/\/www.aphr.ifil.uz.zgora.pl\/wp-content\/uploads\/2023\/12\/logo-UZ-pion-RGB-768x528.jpg 768w, http:\/\/www.aphr.ifil.uz.zgora.pl\/wp-content\/uploads\/2023\/12\/logo-UZ-pion-RGB-1536x1057.jpg 1536w, http:\/\/www.aphr.ifil.uz.zgora.pl\/wp-content\/uploads\/2023\/12\/logo-UZ-pion-RGB.jpg 1890w\" sizes=\"auto, (max-width: 1024px) 100vw, 1024px\" \/><\/figure><div class=\"wp-block-media-text__content\">\n<p class=\"has-medium-font-size\">2) 2024-2025: project funded by the Deputy Rector of the University of Zielona G\u00f3ra in an internal &#8220;Small Grants&#8221; call. Funding will be spent on preliminary research on Bohdan Kieszkowski (1904-1997), a specialist in Renaissance Italian Platonism, and his legacy. The head of the project is Tomasz Mr\u00f3z.<\/p>\n<\/div><\/div>\n\n\n\n<h2 class=\"wp-block-heading has-large-font-size\">Past projects:<\/h2>\n\n\n\n<div class=\"wp-block-media-text alignwide has-media-on-the-right is-stacked-on-mobile\" style=\"grid-template-columns:auto 30%\"><div class=\"wp-block-media-text__content\">\n<p class=\"has-text-align-right has-medium-font-size\">3) 2023-2024: project funded by the Faculty of Philosophy, University of Hradec Kr\u00e1lov\u00e9 (FF UHK) in the Internal Grant Competition of FF UHK for International Research Teams. Title of the project is <em>Oral History and Classics<\/em>. Principal investigator is doc. Mgr. Jaroslav Dane\u0161, Ph.D. (FF UHK) and Tomasz Mr\u00f3z is his Polish collaborator (UZ). All entries tagged with &#8220;<a href=\"http:\/\/www.aphr.ifil.uz.zgora.pl\/?tag=oral-history\">oral history<\/a>&#8221; report on works resulting from this project.<\/p>\n<\/div><figure class=\"wp-block-media-text__media\"><img loading=\"lazy\" decoding=\"async\" width=\"220\" height=\"192\" src=\"http:\/\/www.aphr.ifil.uz.zgora.pl\/wp-content\/uploads\/2023\/01\/FF-UHK-no-text.jpg\" alt=\"\" class=\"wp-image-419 size-full\"\/><\/figure><\/div>\n\n\n\n<div class=\"wp-block-media-text alignwide is-stacked-on-mobile\" style=\"grid-template-columns:29% auto\"><figure class=\"wp-block-media-text__media\"><img loading=\"lazy\" decoding=\"async\" width=\"300\" height=\"230\" src=\"http:\/\/www.aphr.ifil.uz.zgora.pl\/wp-content\/uploads\/2021\/11\/NCN.png\" alt=\"\" class=\"wp-image-232 size-full\"\/><\/figure><div class=\"wp-block-media-text__content\">\n<p class=\"has-medium-font-size\">4) 2021-2024: project funded by National Science Centre on Henryk Jakubanis (1879-1949), a classics scholar and historian of ancient philosophy, who started his academic career at the University in Kyiv and after the World War I took a position at the University of Lublin. The final aim of the project is to produce a doctoral dissertation on Jakubanis as a researcher of ancient philosophy. All entries tagged with &#8220;<a href=\"http:\/\/www.aphr.ifil.uz.zgora.pl\/?tag=h-jakubanis\">H. Jakubanis<\/a>&#8221; report on works which resulted from this project.<\/p>\n<\/div><\/div>\n\n\n\n<div class=\"wp-block-media-text has-media-on-the-right is-stacked-on-mobile\" style=\"grid-template-columns:auto 34%\"><div class=\"wp-block-media-text__content\">\n<p class=\"has-text-align-right has-medium-font-size\">5) 2023-2024: project funded by the Deputy Rector of the University of Zielona G\u00f3ra in an internal &#8220;Small Grants&#8221; call. Funding will be spent on developing co-operation with Faculty of Philosophy, Vilnius University, on ancient philosophical legacy and its reception. The head of the project is Tomasz Mr\u00f3z.<\/p>\n<\/div><figure class=\"wp-block-media-text__media\"><img loading=\"lazy\" decoding=\"async\" width=\"1024\" height=\"704\" src=\"http:\/\/www.aphr.ifil.uz.zgora.pl\/wp-content\/uploads\/2023\/12\/logo-UZ-pion-RGB-1024x704.jpg\" alt=\"\" class=\"wp-image-577 size-full\" srcset=\"http:\/\/www.aphr.ifil.uz.zgora.pl\/wp-content\/uploads\/2023\/12\/logo-UZ-pion-RGB-1024x704.jpg 1024w, http:\/\/www.aphr.ifil.uz.zgora.pl\/wp-content\/uploads\/2023\/12\/logo-UZ-pion-RGB-300x206.jpg 300w, http:\/\/www.aphr.ifil.uz.zgora.pl\/wp-content\/uploads\/2023\/12\/logo-UZ-pion-RGB-768x528.jpg 768w, http:\/\/www.aphr.ifil.uz.zgora.pl\/wp-content\/uploads\/2023\/12\/logo-UZ-pion-RGB-1536x1057.jpg 1536w, http:\/\/www.aphr.ifil.uz.zgora.pl\/wp-content\/uploads\/2023\/12\/logo-UZ-pion-RGB.jpg 1890w\" sizes=\"auto, (max-width: 1024px) 100vw, 1024px\" \/><\/figure><\/div>\n\n\n\n<div class=\"wp-block-media-text is-stacked-on-mobile\" style=\"grid-template-columns:32% auto\"><figure class=\"wp-block-media-text__media\"><img loading=\"lazy\" decoding=\"async\" width=\"892\" height=\"511\" src=\"http:\/\/www.aphr.ifil.uz.zgora.pl\/wp-content\/uploads\/2023\/03\/NAWA.jpg\" alt=\"\" class=\"wp-image-436 size-full\" srcset=\"http:\/\/www.aphr.ifil.uz.zgora.pl\/wp-content\/uploads\/2023\/03\/NAWA.jpg 892w, http:\/\/www.aphr.ifil.uz.zgora.pl\/wp-content\/uploads\/2023\/03\/NAWA-300x172.jpg 300w, http:\/\/www.aphr.ifil.uz.zgora.pl\/wp-content\/uploads\/2023\/03\/NAWA-768x440.jpg 768w\" sizes=\"auto, (max-width: 892px) 100vw, 892px\" \/><\/figure><div class=\"wp-block-media-text__content\">\n<p class=\"has-medium-font-size\">6) 2023: project funded by the Polish National Agency for Academic Exchange. The beneficiary of the project was Mariam Sargsyan who was able to spent three months of the scholarship at the Aleksander-Br\u00fcckner-Zentrum f\u00fcr Polenstudien, Martin-Luther-Universit\u00e4t Halle.<\/p>\n<\/div><\/div>\n\n\n\n<div class=\"wp-block-media-text alignwide has-media-on-the-right is-stacked-on-mobile\" style=\"grid-template-columns:auto 30%\"><div class=\"wp-block-media-text__content\">\n<p class=\"has-text-align-right has-medium-font-size\">7) 2018-2022: project funded by National Science Centre on Stanis\u0142aw Lisiecki (1872-1960), a forgotten classics scholar, a translator of presocratics, Plato and Aristotle. The project consists of editing a collection of his texts and preparing studies devoted to his life and academic legacy. The project was concluded in 2022 with a monograph book on his life and works. Entries tagged with &#8220;<a href=\"http:\/\/www.aphr.ifil.uz.zgora.pl\/?tag=s-lisiecki\">S. Lisiecki<\/a>&#8221; report on works which resulted from this project. <\/p>\n<\/div><figure class=\"wp-block-media-text__media\"><img loading=\"lazy\" decoding=\"async\" width=\"300\" height=\"230\" src=\"http:\/\/www.aphr.ifil.uz.zgora.pl\/wp-content\/uploads\/2021\/11\/NCN.png\" alt=\"\" class=\"wp-image-232 size-full\"\/><\/figure><\/div>\n\n\n\n<div class=\"wp-block-media-text alignwide is-stacked-on-mobile\" style=\"grid-template-columns:24% auto\"><figure class=\"wp-block-media-text__media\"><img loading=\"lazy\" decoding=\"async\" width=\"231\" height=\"229\" src=\"http:\/\/www.aphr.ifil.uz.zgora.pl\/wp-content\/uploads\/2021\/11\/nprh_300x230.jpg\" alt=\"\" class=\"wp-image-233 size-full\" srcset=\"http:\/\/www.aphr.ifil.uz.zgora.pl\/wp-content\/uploads\/2021\/11\/nprh_300x230.jpg 231w, http:\/\/www.aphr.ifil.uz.zgora.pl\/wp-content\/uploads\/2021\/11\/nprh_300x230-150x150.jpg 150w\" sizes=\"auto, (max-width: 231px) 100vw, 231px\" \/><\/figure><div class=\"wp-block-media-text__content\">\n<p class=\"has-medium-font-size\">8) 2017-2021: National Programme for the Development of Humanities, funded by the Ministry of Science, sponsored the project: <em>Plato in Poland 1800-1950<\/em>. The aim of the project was to re-write in English and publish a book which had previously appeared in Polish. The project was concluded in 2021 with a book <em><a href=\"http:\/\/www.aphr.ifil.uz.zgora.pl\/?p=171\">Plato in Poland 1800-1950. Types of reception &#8211; authors &#8211; problems<\/a><\/em> (Academia Verlag\/Nomos, Baden Baden 2021).<\/p>\n<\/div><\/div>\n\n\n\n<p><\/p>\n","protected":false},"excerpt":{"rendered":"<p>1) 2025-2029: project funded by the Research Council of Lithuania and run at the Faculty of Philosophy, Vilnius University. Original title of the project is Antikin\u0117s filosofijos recepcija XX a. Vilniaus universitete what translates into Reception of Ancient Philosophy in the 20th century Vilnius University. Head of the project and senior researcher is doc. dr &hellip; <a href=\"http:\/\/www.aphr.ifil.uz.zgora.pl\/?page_id=100\">Continue reading <span class=\"meta-nav\">&rarr;<\/span><\/a><\/p>\n","protected":false},"author":1,"featured_media":0,"parent":0,"menu_order":0,"comment_status":"closed","ping_status":"closed","template":"","meta":{"footnotes":""},"class_list":["post-100","page","type-page","status-publish","hentry"],"_links":{"self":[{"href":"http:\/\/www.aphr.ifil.uz.zgora.pl\/index.php?rest_route=\/wp\/v2\/pages\/100","targetHints":{"allow":["GET"]}}],"collection":[{"href":"http:\/\/www.aphr.ifil.uz.zgora.pl\/index.php?rest_route=\/wp\/v2\/pages"}],"about":[{"href":"http:\/\/www.aphr.ifil.uz.zgora.pl\/index.php?rest_route=\/wp\/v2\/types\/page"}],"author":[{"embeddable":true,"href":"http:\/\/www.aphr.ifil.uz.zgora.pl\/index.php?rest_route=\/wp\/v2\/users\/1"}],"replies":[{"embeddable":true,"href":"http:\/\/www.aphr.ifil.uz.zgora.pl\/index.php?rest_route=%2Fwp%2Fv2%2Fcomments&post=100"}],"version-history":[{"count":18,"href":"http:\/\/www.aphr.ifil.uz.zgora.pl\/index.php?rest_route=\/wp\/v2\/pages\/100\/revisions"}],"predecessor-version":[{"id":913,"href":"http:\/\/www.aphr.ifil.uz.zgora.pl\/index.php?rest_route=\/wp\/v2\/pages\/100\/revisions\/913"}],"wp:attachment":[{"href":"http:\/\/www.aphr.ifil.uz.zgora.pl\/index.php?rest_route=%2Fwp%2Fv2%2Fmedia&parent=100"}],"curies":[{"name":"wp","href":"https:\/\/api.w.org\/{rel}","templated":true}]}}