{"id":38,"date":"2020-11-12T16:51:11","date_gmt":"2020-11-12T15:51:11","guid":{"rendered":"http:\/\/www.aphr.ifil.uz.zgora.pl\/?page_id=38"},"modified":"2025-10-06T12:50:17","modified_gmt":"2025-10-06T10:50:17","slug":"people","status":"publish","type":"page","link":"http:\/\/www.aphr.ifil.uz.zgora.pl\/?page_id=38","title":{"rendered":"People"},"content":{"rendered":"\n<p class=\"has-medium-font-size\"><strong>Ancient \u03a6ilosophy Reception research group consists of:<\/strong><\/p>\n\n\n\n<div class=\"wp-block-media-text alignwide is-stacked-on-mobile\" style=\"grid-template-columns:32% auto\"><figure class=\"wp-block-media-text__media\"><img loading=\"lazy\" decoding=\"async\" width=\"967\" height=\"710\" src=\"http:\/\/www.aphr.ifil.uz.zgora.pl\/wp-content\/uploads\/2020\/11\/TM-1.jpg\" alt=\"\" class=\"wp-image-94 size-full\" srcset=\"http:\/\/www.aphr.ifil.uz.zgora.pl\/wp-content\/uploads\/2020\/11\/TM-1.jpg 967w, http:\/\/www.aphr.ifil.uz.zgora.pl\/wp-content\/uploads\/2020\/11\/TM-1-300x220.jpg 300w, http:\/\/www.aphr.ifil.uz.zgora.pl\/wp-content\/uploads\/2020\/11\/TM-1-768x564.jpg 768w\" sizes=\"auto, (max-width: 967px) 100vw, 967px\" \/><\/figure><div class=\"wp-block-media-text__content\">\n<p class=\"has-medium-font-size\">Tomasz Mr\u00f3z, Ph.D., originator of A\u03a6R group, principal investigator in projects related to A\u03a6R, author, lecturer, editor. Brief information on his CV is available <a href=\"http:\/\/www.aphr.ifil.uz.zgora.pl\/wp-content\/uploads\/2024\/08\/English.pdf\" data-type=\"link\" data-id=\"http:\/\/www.aphr.ifil.uz.zgora.pl\/wp-content\/uploads\/2024\/08\/English.pdf\" target=\"_blank\" rel=\"noreferrer noopener\">here<\/a>, while full list of his works can be found <a href=\"https:\/\/pers.uz.zgora.pl\/publikacje\/pracownik-2808\" target=\"_blank\" rel=\"noreferrer noopener\">here<\/a>. E-mail: T.Mroz@ifil.uz.zgora.pl <\/p>\n<\/div><\/div>\n\n\n\n<div class=\"wp-block-media-text alignwide has-media-on-the-right is-stacked-on-mobile\" style=\"grid-template-columns:auto 22%\"><div class=\"wp-block-media-text__content\">\n<p class=\"has-text-align-right has-medium-font-size\">Adrian Habura, M.A., a student in doctoral school, he held a scholarship in an NCN project on S. Lisiecki for over two years  and currently works on his Ph.D dissertation on W\u0142adys\u0142aw Tatarkiewicz&#8217;s reception and interpretation of Aristotle. E-mail: A.Habura@ifil.uz.zgora.pl<\/p>\n<\/div><figure class=\"wp-block-media-text__media\"><img loading=\"lazy\" decoding=\"async\" width=\"169\" height=\"300\" src=\"http:\/\/www.aphr.ifil.uz.zgora.pl\/wp-content\/uploads\/2020\/12\/Habura3-169x300.png\" alt=\"\" class=\"wp-image-116 size-medium\" srcset=\"http:\/\/www.aphr.ifil.uz.zgora.pl\/wp-content\/uploads\/2020\/12\/Habura3-169x300.png 169w, http:\/\/www.aphr.ifil.uz.zgora.pl\/wp-content\/uploads\/2020\/12\/Habura3-576x1024.png 576w, http:\/\/www.aphr.ifil.uz.zgora.pl\/wp-content\/uploads\/2020\/12\/Habura3.png 720w\" sizes=\"auto, (max-width: 169px) 100vw, 169px\" \/><\/figure><\/div>\n\n\n\n<div class=\"wp-block-media-text alignwide is-stacked-on-mobile\" style=\"grid-template-columns:32% auto\"><figure class=\"wp-block-media-text__media\"><img loading=\"lazy\" decoding=\"async\" width=\"968\" height=\"709\" src=\"http:\/\/www.aphr.ifil.uz.zgora.pl\/wp-content\/uploads\/2021\/09\/Mariam2.jpg\" alt=\"\" class=\"wp-image-193 size-full\" srcset=\"http:\/\/www.aphr.ifil.uz.zgora.pl\/wp-content\/uploads\/2021\/09\/Mariam2.jpg 968w, http:\/\/www.aphr.ifil.uz.zgora.pl\/wp-content\/uploads\/2021\/09\/Mariam2-300x220.jpg 300w, http:\/\/www.aphr.ifil.uz.zgora.pl\/wp-content\/uploads\/2021\/09\/Mariam2-768x563.jpg 768w\" sizes=\"auto, (max-width: 968px) 100vw, 968px\" \/><\/figure><div class=\"wp-block-media-text__content\">\n<p class=\"has-medium-font-size\">Mariam Sargsyan Araraty, Ph.D., an Armenian by origins and citizenship, joined A\u03a6R research group in October 2021 as a beneficiary of National Science Centre scholarship scheme Preludium Bis 2 and, subsequently, as a student in doctoral school. A beneficiary of NAWA scholarship spent 3 months in Aleksander-Br\u00fcckner-Zentrum f\u00fcr Polenstudien (Martin-Luther-Universit\u00e4t Halle) in 2023. She has just received her doctoral degree on the dissertation on Henryk Jakubanis&#8217; research in ancient philosophy. E-mail: m.sargsyan93@gmail.com<\/p>\n<\/div><\/div>\n\n\n\n<p class=\"has-medium-font-size\"><strong>Persons who permanently cooperate with A\u03a6R group:<\/strong><\/p>\n\n\n\n<div class=\"wp-block-media-text alignwide has-media-on-the-right is-stacked-on-mobile\" style=\"grid-template-columns:auto 41%\"><div class=\"wp-block-media-text__content\">\n<p class=\"has-text-align-right has-medium-font-size\">Jonas \u010ciurlionis, Ph.D., started to cooperate with A\u03a6R research group in the autumn of 2021, when he was appointed as an auxiliary supervisor for the thesis of A. Habura. J.  \u010ciurlionis teaches at Vilnius University (Lithuania) and researches philosophical principles of ancient scientific ideas, including those of Aristotle, their development and reception. More information on his activities can be found <a href=\"http:\/\/www.ciurlionis.net\/\" target=\"_blank\" rel=\"noreferrer noopener\">here<\/a>. Starting with 2025 he is the head of the project funded by Lithuanian Research Council on the reception of ancient philosophy in 20th century Vilnius University.<\/p>\n<\/div><figure class=\"wp-block-media-text__media\"><img loading=\"lazy\" decoding=\"async\" width=\"613\" height=\"416\" src=\"http:\/\/www.aphr.ifil.uz.zgora.pl\/wp-content\/uploads\/2022\/04\/JonasC.jpg\" alt=\"\" class=\"wp-image-289 size-full\" srcset=\"http:\/\/www.aphr.ifil.uz.zgora.pl\/wp-content\/uploads\/2022\/04\/JonasC.jpg 613w, http:\/\/www.aphr.ifil.uz.zgora.pl\/wp-content\/uploads\/2022\/04\/JonasC-300x204.jpg 300w, http:\/\/www.aphr.ifil.uz.zgora.pl\/wp-content\/uploads\/2022\/04\/JonasC-75x50.jpg 75w\" sizes=\"auto, (max-width: 613px) 100vw, 613px\" \/><\/figure><\/div>\n\n\n\n<div class=\"wp-block-media-text alignwide is-stacked-on-mobile\" style=\"grid-template-columns:30% auto\"><figure class=\"wp-block-media-text__media\"><img loading=\"lazy\" decoding=\"async\" width=\"412\" height=\"587\" src=\"http:\/\/www.aphr.ifil.uz.zgora.pl\/wp-content\/uploads\/2023\/01\/Danes.jpg\" alt=\"\" class=\"wp-image-411 size-full\" srcset=\"http:\/\/www.aphr.ifil.uz.zgora.pl\/wp-content\/uploads\/2023\/01\/Danes.jpg 412w, http:\/\/www.aphr.ifil.uz.zgora.pl\/wp-content\/uploads\/2023\/01\/Danes-211x300.jpg 211w\" sizes=\"auto, (max-width: 412px) 100vw, 412px\" \/><\/figure><div class=\"wp-block-media-text__content\">\n<p class=\"has-medium-font-size\">Doc. Mgr. <a href=\"https:\/\/www.uhk.cz\/en\/person\/855\/jaroslav-danes\" target=\"_blank\" rel=\"noreferrer noopener\">Jaroslav Dane\u0161<\/a>, Ph.D. had started to cooperate with members of A\u03a6R research group long before the group was established, e.g. on occasion of a conference on reception of ancient political ideas. He works as an associate professor in the Department of Philosophy and Social Sciences, Faculty of Philosophy, University of Hradec&nbsp;Kr\u00e1lov\u00e9. His research interests include ancient Greek political theories, esp. theory of war in philosophy and tragedy, and related issues. In 2023-2024 doc. Dane\u0161 is a principal investigator in a research project funded by his Faculty for international research teams. The project is titled <em>Oral History and Classics<\/em> and T. Mr\u00f3z is a collaborator in this undertaking.<\/p>\n<\/div><\/div>\n\n\n\n<div class=\"wp-block-media-text has-media-on-the-right is-stacked-on-mobile\" style=\"grid-template-columns:auto 36%\"><div class=\"wp-block-media-text__content\">\n<p class=\"has-text-align-right has-medium-font-size\">Mindaugas Sto\u0161kus, Ph.D, works at Vilnius University and at first started to co-operate with us in Erasmus+ exchange. Currently he is a researcher in the project funded by Lithuanian Research Council on the reception of ancient philosophy in 20th century Vilnius University.  <\/p>\n<\/div><figure class=\"wp-block-media-text__media\"><img loading=\"lazy\" decoding=\"async\" width=\"591\" height=\"683\" src=\"http:\/\/www.aphr.ifil.uz.zgora.pl\/wp-content\/uploads\/2025\/10\/MS_foto_2025.jpg\" alt=\"\" class=\"wp-image-915 size-full\" srcset=\"http:\/\/www.aphr.ifil.uz.zgora.pl\/wp-content\/uploads\/2025\/10\/MS_foto_2025.jpg 591w, http:\/\/www.aphr.ifil.uz.zgora.pl\/wp-content\/uploads\/2025\/10\/MS_foto_2025-260x300.jpg 260w\" sizes=\"auto, (max-width: 591px) 100vw, 591px\" \/><\/figure><\/div>\n\n\n\n<p class=\"has-medium-font-size\">Una Maclean-Ha\u0144\u0107kowiak, M.A., is a person who patiently polishes our English books and papers.<\/p>\n\n\n\n<p class=\"has-medium-font-size\"><strong>People who effectively cooperated with A\u03a6R group:<\/strong><\/p>\n\n\n\n<p class=\"has-medium-font-size\">Anna Dro\u015b, M.A., until 2019 she worked on A\u03a6R topics and co-operated in a research project on S. Lisiecki. <\/p>\n\n\n\n<p><\/p>\n","protected":false},"excerpt":{"rendered":"<p>Ancient \u03a6ilosophy Reception research group consists of: Tomasz Mr\u00f3z, Ph.D., originator of A\u03a6R group, principal investigator in projects related to A\u03a6R, author, lecturer, editor. Brief information on his CV is available here, while full list of his works can be found here. E-mail: T.Mroz@ifil.uz.zgora.pl Adrian Habura, M.A., a student in doctoral school, he held a &hellip; <a href=\"http:\/\/www.aphr.ifil.uz.zgora.pl\/?page_id=38\">Continue reading <span class=\"meta-nav\">&rarr;<\/span><\/a><\/p>\n","protected":false},"author":1,"featured_media":94,"parent":0,"menu_order":0,"comment_status":"closed","ping_status":"closed","template":"","meta":{"footnotes":""},"class_list":["post-38","page","type-page","status-publish","has-post-thumbnail","hentry"],"_links":{"self":[{"href":"http:\/\/www.aphr.ifil.uz.zgora.pl\/index.php?rest_route=\/wp\/v2\/pages\/38","targetHints":{"allow":["GET"]}}],"collection":[{"href":"http:\/\/www.aphr.ifil.uz.zgora.pl\/index.php?rest_route=\/wp\/v2\/pages"}],"about":[{"href":"http:\/\/www.aphr.ifil.uz.zgora.pl\/index.php?rest_route=\/wp\/v2\/types\/page"}],"author":[{"embeddable":true,"href":"http:\/\/www.aphr.ifil.uz.zgora.pl\/index.php?rest_route=\/wp\/v2\/users\/1"}],"replies":[{"embeddable":true,"href":"http:\/\/www.aphr.ifil.uz.zgora.pl\/index.php?rest_route=%2Fwp%2Fv2%2Fcomments&post=38"}],"version-history":[{"count":29,"href":"http:\/\/www.aphr.ifil.uz.zgora.pl\/index.php?rest_route=\/wp\/v2\/pages\/38\/revisions"}],"predecessor-version":[{"id":916,"href":"http:\/\/www.aphr.ifil.uz.zgora.pl\/index.php?rest_route=\/wp\/v2\/pages\/38\/revisions\/916"}],"wp:featuredmedia":[{"embeddable":true,"href":"http:\/\/www.aphr.ifil.uz.zgora.pl\/index.php?rest_route=\/wp\/v2\/media\/94"}],"wp:attachment":[{"href":"http:\/\/www.aphr.ifil.uz.zgora.pl\/index.php?rest_route=%2Fwp%2Fv2%2Fmedia&parent=38"}],"curies":[{"name":"wp","href":"https:\/\/api.w.org\/{rel}","templated":true}]}}